{"id":16,"date":"2025-11-22T12:29:36","date_gmt":"2025-11-22T12:29:36","guid":{"rendered":"http:\/\/pbconsg.cluster100.hosting.ovh.net\/?page_id=16"},"modified":"2025-12-19T21:35:48","modified_gmt":"2025-12-19T21:35:48","slug":"services","status":"publish","type":"page","link":"https:\/\/pbconseil-bilan.com\/index.php\/services\/","title":{"rendered":"Services"},"content":{"rendered":"\n<div class=\"wp-block-cover alignfull\" style=\"min-height:350px;aspect-ratio:unset;\"><img decoding=\"async\" class=\"wp-block-cover__image-background wp-image-2787\" alt=\"\" src=\"https:\/\/tyler.com\/wp-content\/uploads\/2023\/11\/pexels-fauxels-3184360-scaled.jpg\" style=\"object-position:51% 50%\" data-object-fit=\"cover\" data-object-position=\"51% 50%\"\/><span aria-hidden=\"true\" class=\"wp-block-cover__background has-background-dim-20 has-background-dim\" style=\"background-color:#1f1f1f\"><\/span><div class=\"wp-block-cover__inner-container has-global-padding is-layout-constrained wp-container-core-cover-is-layout-4383d167 wp-block-cover-is-layout-constrained\">\n<div style=\"height:100px\" aria-hidden=\"true\" class=\"wp-block-spacer\"><\/div>\n\n\n\n<p class=\"has-text-align-center has-text-color has-link-color has-inter-font-family wp-elements-414bbe5023311dac8b502e9a0e5fed1d\" style=\"color:#ffffff;font-size:clamp(30.693px, 1.918rem + ((1vw - 3.2px) * 2.649), 54px);font-style:normal;font-weight:400\">Commencez maintenant, explorez votre potentiel<\/p>\n<\/div><\/div>\n\n\n\n<div class=\"wp-block-cover alignfull is-light\" style=\"margin-top:0;margin-bottom:0;padding-top:100px;padding-bottom:100px\"><span aria-hidden=\"true\" class=\"wp-block-cover__background has-background-dim-0 has-background-dim\" style=\"background-color:#696778\"><\/span><div class=\"wp-block-cover__inner-container has-global-padding is-layout-constrained wp-container-core-cover-is-layout-dc08f85c wp-block-cover-is-layout-constrained\">\n<p class=\"has-text-align-center has-text-color has-link-color has-belleza-font-family wp-elements-37aafa4e19276f31d30701db0f2e93de\" style=\"color:#3a3a3a;font-size:clamp(20px, 1.25rem + ((1vw - 3.2px) * 1.364), 32px);\">Mes services d&rsquo;accompagnement en respectant un cadre d\u00e9ontologique et \u00e9thique du m\u00e9tier de conseil &#8211; accompagnement empathique, bienveillant centr\u00e9 sur la personne<\/p>\n\n\n\n<hr class=\"wp-block-separator has-text-color has-alpha-channel-opacity has-background\" style=\"margin-top:15px;margin-bottom:15px;background-color:#ffffff;color:#ffffff\"\/>\n\n\n\n<div class=\"wp-block-columns is-layout-flex wp-container-core-columns-is-layout-f350720d wp-block-columns-is-layout-flex\" style=\"padding-top:20px\">\n<div class=\"wp-block-column has-background is-layout-flow wp-container-core-column-is-layout-af27bfb9 wp-block-column-is-layout-flow\" style=\"background-color:#e9e4dc;padding-top:30px;padding-right:20px;padding-bottom:30px;padding-left:20px\">\n<h6 class=\"wp-block-heading has-text-color has-link-color has-young-serif-regular-font-family wp-elements-564519ac202013efb618c9cc9bc41f8c\" style=\"color:#3a3a3a;padding-top:20px;font-size:clamp(14px, 0.875rem + ((1vw - 3.2px) * 0.682), 20px);font-style:normal;font-weight:400;text-transform:uppercase\">accompagnement au Bilan de competences<\/h6>\n\n\n\n<p class=\"has-text-color has-link-color has-large-font-size wp-elements-4f7401a86c95be5d844414293709a607\" style=\"color:#ffffff00\">1<\/p>\n\n\n\n<p class=\"has-text-color has-link-color wp-elements-36316557726f46ce83a9865439b592b5\" style=\"color:#ffffff00\">1<\/p>\n\n\n\n<p><\/p>\n\n\n\n<p class=\"has-text-color has-link-color has-lexend-font-family has-medium-font-size wp-elements-598cc15e2fe4670bb719f6d42dfc7c5b\" style=\"color:#3a3a3a\">Le bilan de comp\u00e9tences a pour objectif d\u2019aider chacun et chacune \u00e0 d\u00e9finir son parcours, \u00e0 identifier ses motivations, ses valeurs et ses atouts, ainsi qu\u2019\u00e0 valoriser ses comp\u00e9tences. Un accompagnement individuel adapt\u00e9 \u00e0 chacun. 24H maximum, r\u00e9partit sur plusieurs semaines, avec un professionnel dipl\u00f4m\u00e9 qui vous accompagnent tout au long du bilan.<\/p>\n\n\n\n<p>La Reconstruction de Projet vous aide \u00e0 red\u00e9finir votre parcours professionnel. Nous travaillons ensemble pour aligner vos passions avec vos ressources, afin de b\u00e2tir un avenir solide et \u00e9panouissant.<\/p>\n\n\n\n<p>Le co\u00fbt du bilan peut \u00eatre pris en charge par votre employeur dans le cadre d\u2019un plan de d\u00e9veloppement des comp\u00e9tences de l&rsquo;entreprise ou par par vous (<em>autofinancement<\/em>)<\/p>\n\n\n\n<p><\/p>\n\n\n\n<p class=\"has-text-color has-link-color wp-elements-36316557726f46ce83a9865439b592b5\" style=\"color:#ffffff00\">1<\/p>\n\n\n\n<p class=\"has-text-color has-link-color wp-elements-36316557726f46ce83a9865439b592b5\" style=\"color:#ffffff00\">1<\/p>\n\n\n\n<p class=\"has-text-color has-link-color wp-elements-36316557726f46ce83a9865439b592b5\" style=\"color:#ffffff00\">1<\/p>\n\n\n\n<p class=\"has-text-color has-link-color wp-elements-1e47436bf065dfa11db3fd9de9602f7e\" style=\"color:#ffffff00\"><\/p>\n\n\n\n<p class=\"has-text-color has-link-color wp-elements-36316557726f46ce83a9865439b592b5\" style=\"color:#ffffff00\">1<\/p>\n\n\n\n<p class=\"has-text-color has-link-color wp-elements-36316557726f46ce83a9865439b592b5\" style=\"color:#ffffff00\">1<\/p>\n\n\n\n<p class=\"has-text-color has-link-color wp-elements-36316557726f46ce83a9865439b592b5\" style=\"color:#ffffff00\">1<\/p>\n\n\n\n<p class=\"has-text-color has-link-color wp-elements-36316557726f46ce83a9865439b592b5\" style=\"color:#ffffff00\">1<\/p>\n\n\n\n<p class=\"has-text-color has-link-color wp-elements-36316557726f46ce83a9865439b592b5\" style=\"color:#ffffff00\">1<\/p>\n\n\n\n<p class=\"has-text-color has-link-color wp-elements-36316557726f46ce83a9865439b592b5\" style=\"color:#ffffff00\">1<\/p>\n\n\n\n<p><\/p>\n\n\n\n<h3 class=\"wp-block-heading has-text-align-center has-large-font-size\"><strong><strong>Modalit\u00e9s \/ Tarifs<\/strong><\/strong><\/h3>\n\n\n\n<p><strong><strong>Accompagnement complet de 24H : 1680 \u20ac<\/strong><\/strong><\/p>\n\n\n\n<p class=\"has-text-color has-link-color has-lexend-font-family wp-elements-29a92ce683141d5395fec47e2897a834\" style=\"color:#3a3a3a;font-size:clamp(14px, 0.875rem + ((1vw - 3.2px) * 0.227), 16px);\">Distanciel ou Pr\u00e9sentiel<\/p>\n<\/div>\n\n\n\n<div class=\"wp-block-column has-background is-layout-flow wp-container-core-column-is-layout-af27bfb9 wp-block-column-is-layout-flow\" style=\"background-color:#e9e4dc;padding-top:30px;padding-right:20px;padding-bottom:30px;padding-left:20px\">\n<h6 class=\"wp-block-heading has-text-color has-link-color has-young-serif-regular-font-family wp-elements-668bfdf5396229a8dd5507d760723648\" style=\"color:#3a3a3a;padding-top:20px;font-size:clamp(14px, 0.875rem + ((1vw - 3.2px) * 0.682), 20px);font-style:normal;font-weight:400;text-transform:uppercase\">accompagnement au choix de orientation scolaire et professionnelle jeunes 15 &#8211; 25 ans<\/h6>\n\n\n\n<p><\/p>\n\n\n\n<p class=\"has-text-color has-link-color has-small-font-size wp-elements-479de5ff1d640fe1a3e0bb0f67bddda0\" style=\"color:#ffffff00\">11<\/p>\n\n\n\n<p class=\"has-text-color has-link-color has-small-font-size wp-elements-8b788af3c5f3ed2d1838d133de2346be\" style=\"color:#ffffff00\">1<\/p>\n\n\n\n<p>Le bilan d\u2019orientation est une d\u00e9marche cl\u00e9 pour aider les jeunes \u00e0 d\u00e9finir un projet scolaire ou professionnel coh\u00e9rent avec leurs envies, leurs aptitudes et leur potentiel.<br>\u00c0 travers un travail approfondi, je vous accompagne pour explorer les diff\u00e9rentes options qui s\u2019offrent \u00e0 vous, mieux comprendre vos motivations, et construire un projet solide, r\u00e9aliste et align\u00e9 avec vos aspirations.<\/p>\n\n\n\n<h3 class=\"wp-block-heading has-medium-font-size\">Objectifs de l\u2019accompagnement<\/h3>\n\n\n\n<ul class=\"wp-block-list\">\n<li>Identifier vos centres d\u2019int\u00e9r\u00eat, vos comp\u00e9tences et vos motivations.<\/li>\n\n\n\n<li>Explorer les fili\u00e8res, m\u00e9tiers et parcours adapt\u00e9s \u00e0 votre profil.<\/li>\n\n\n\n<li>Apprendre \u00e0 faire des choix \u00e9clair\u00e9s et s\u00e9curiser votre projet d\u2019orientation.<\/li>\n\n\n\n<li>Construire un projet d\u2019avenir clair, coh\u00e9rent et motivant.<\/li>\n<\/ul>\n\n\n\n<h3 class=\"wp-block-heading has-medium-font-size\">M\u00e9thodologie<\/h3>\n\n\n\n<ul class=\"wp-block-list\">\n<li>Entretiens individuels de <strong>1h \u00e0 1h30<\/strong>, toutes les deux semaines, en visio ou en pr\u00e9sentiel (selon vos besoins et votre rythme).<\/li>\n\n\n\n<li>Temps d\u2019exploration en autonomie : recherches guid\u00e9es, questionnaires, outils d\u2019aide \u00e0 la d\u00e9cision.<\/li>\n\n\n\n<li>Co-construction progressive d\u2019un projet d\u2019orientation fiable et personnalis\u00e9.<\/li>\n<\/ul>\n\n\n\n<p class=\"has-text-color has-link-color wp-elements-36316557726f46ce83a9865439b592b5\" style=\"color:#ffffff00\">1<\/p>\n\n\n\n<p class=\"has-text-color has-link-color wp-elements-1e47436bf065dfa11db3fd9de9602f7e\" style=\"color:#ffffff00\"><\/p>\n\n\n\n<h3 class=\"wp-block-heading has-text-align-center\"><strong><strong>Modalit\u00e9s \/ Tarifs<\/strong><\/strong><\/h3>\n\n\n\n<ul class=\"wp-block-list\">\n<li><strong>Accompagnement complet sur 4 mois : 560 \u20ac<\/strong><br><em>(Environ 1h30 d\u2019entretien tous les 15 jours)<\/em><\/li>\n\n\n\n<li><strong>Consultation ponctuelle : 70 \u20ac pour 1h30<\/strong><\/li>\n<\/ul>\n\n\n\n<p>Distanciel ou Pr\u00e9sentiel<\/p>\n<\/div>\n\n\n\n<div class=\"wp-block-column has-background is-layout-flow wp-container-core-column-is-layout-af27bfb9 wp-block-column-is-layout-flow\" style=\"background-color:#e9e4dc;padding-top:30px;padding-right:20px;padding-bottom:30px;padding-left:20px\">\n<h6 class=\"wp-block-heading has-text-color has-link-color has-young-serif-regular-font-family wp-elements-fed8fbe6d326c809cb5e7e1c6baaa805\" style=\"color:#3a3a3a;padding-top:20px;font-size:clamp(14px, 0.875rem + ((1vw - 3.2px) * 0.682), 20px);font-style:normal;font-weight:400;text-transform:uppercase\">accompagnement \u00e0 la validation des acquis de l&rsquo;exp\u00e9rience<\/h6>\n\n\n\n<p class=\"has-text-color has-link-color has-x-large-font-size wp-elements-e73e667965b94e96c3418489e2f093b0\" style=\"color:#ffffff00\">1<\/p>\n\n\n\n<p><\/p>\n\n\n\n<p>Pour chaque accompagnement VAE, je vous propose en amont un rendez-vous gratuit d&rsquo;une heure environ au cours duquel nous analysons ensemble les possibilit\u00e9s d&rsquo;engager une d\u00e9marche VAE, le dipl\u00f4me et le niveau que vous pouvez valider. Je appuie \u00e9galement sur votre CV.<\/p>\n\n\n\n<ul class=\"wp-block-list\">\n<li>accompagnement \u00e0 la r\u00e9daction du livret 1, ou livret de recevabilit\u00e9<\/li>\n\n\n\n<li>accompagnement \u00e0 la constitution du livret 2, ou livret de recevabilit\u00e9<\/li>\n\n\n\n<li>&nbsp;des s\u00e9ances de travail sont pr\u00e9vues pour pr\u00e9parer le candidat \u00e0 l&rsquo;oral devant le jury<\/li>\n<\/ul>\n\n\n\n<p>L&rsquo;accompagnement se d\u00e9roule sur une p\u00e9riode de 6 \u00e0 8 mois, \u00e0 raison d&rsquo;une s\u00e9ance de travail toutes les 2 semaines environ, en fonction de vos disponibilit\u00e9s. Ces s\u00e9ances sont individuelles, ce qui nous permet de personnaliser au mieux cet accompagnement.<\/p>\n\n\n\n<p class=\"has-text-color has-link-color has-lexend-font-family has-medium-font-size wp-elements-6e403ea7c38d34db55ecef5daeac563f\" style=\"color:#3a3a3a\">Les tarifs sont \u00e9tablis sur devis, apr\u00e8s un \u00e9change pour d\u00e9finir vos besoins.<\/p>\n\n\n\n<p class=\"has-text-color has-link-color has-lexend-font-family has-medium-font-size wp-elements-d6cab3e499293e0f483bbe37710ae021\" style=\"color:#3a3a3a\">M\u00e9thodologie : Instruction au sosie<\/p>\n\n\n\n<p class=\"has-text-color has-link-color wp-elements-1e47436bf065dfa11db3fd9de9602f7e\" style=\"color:#ffffff00\"><\/p>\n\n\n\n<p class=\"has-text-color has-link-color wp-elements-1e47436bf065dfa11db3fd9de9602f7e\" style=\"color:#ffffff00\"><\/p>\n\n\n\n<p class=\"has-text-color has-link-color wp-elements-36316557726f46ce83a9865439b592b5\" style=\"color:#ffffff00\">1<\/p>\n\n\n\n<p class=\"has-text-color has-link-color wp-elements-36316557726f46ce83a9865439b592b5\" style=\"color:#ffffff00\">1<\/p>\n\n\n\n<p class=\"has-text-color has-link-color wp-elements-36316557726f46ce83a9865439b592b5\" style=\"color:#ffffff00\">1<\/p>\n\n\n\n<p class=\"has-text-color has-link-color wp-elements-36316557726f46ce83a9865439b592b5\" style=\"color:#ffffff00\">1<\/p>\n\n\n\n<p><\/p>\n\n\n\n<p class=\"has-text-color has-link-color wp-elements-36316557726f46ce83a9865439b592b5\" style=\"color:#ffffff00\">1<\/p>\n\n\n\n<p class=\"has-text-color has-link-color has-small-font-size wp-elements-8b788af3c5f3ed2d1838d133de2346be\" style=\"color:#ffffff00\">1<\/p>\n\n\n\n<p class=\"has-text-color has-link-color has-small-font-size wp-elements-8b788af3c5f3ed2d1838d133de2346be\" style=\"color:#ffffff00\">1<\/p>\n\n\n\n<h3 class=\"wp-block-heading has-text-align-center\"><strong><strong>Modalit\u00e9s \/ Tarifs<\/strong><\/strong><\/h3>\n\n\n\n<p><strong>Sur devis apr\u00e8s entretien<\/strong><\/p>\n\n\n\n<p>Distanciel ou Pr\u00e9sentiel<\/p>\n<\/div>\n<\/div>\n\n\n\n<p><\/p>\n\n\n\n<p><\/p>\n\n\n\n<div class=\"wp-block-columns is-layout-flex wp-container-core-columns-is-layout-f350720d wp-block-columns-is-layout-flex\" style=\"padding-top:20px\">\n<div class=\"wp-block-column has-background is-layout-flow wp-container-core-column-is-layout-af27bfb9 wp-block-column-is-layout-flow\" style=\"background-color:#e9e4dc;padding-top:30px;padding-right:20px;padding-bottom:30px;padding-left:20px\">\n<h6 class=\"wp-block-heading has-young-serif-regular-font-family has-medium-font-size\">Accompagnement \u00e0 la r\u00e9flexion de Transition Professionnelle<\/h6>\n\n\n\n<p class=\"has-text-color has-link-color wp-elements-36316557726f46ce83a9865439b592b5\" style=\"color:#ffffff00\">1<\/p>\n\n\n\n<p>Clarifiez votre situation professionnelle, red\u00e9finissez vos priorit\u00e9s et r\u00e9alignez votre parcours avec vos valeurs. Cet accompagnement vous aide \u00e0 envisager une \u00e9volution coh\u00e9rente, \u00e9panouissante et durable.<\/p>\n\n\n\n<h3 class=\"wp-block-heading has-medium-font-size\"><strong>Plan de Carri\u00e8re<\/strong><\/h3>\n\n\n\n<p>Construction d\u2019une feuille de route personnalis\u00e9e pour d\u00e9finir vos objectifs et identifier les \u00e9tapes cl\u00e9s de votre \u00e9volution professionnelle.<\/p>\n\n\n\n<h3 class=\"wp-block-heading has-medium-font-size\"><strong>Conseils de Mobilit\u00e9<\/strong><\/h3>\n\n\n\n<p>Analyse de vos options d\u2019\u00e9volution (poste, reconversion, comp\u00e9tences) pour avancer avec confiance vers de nouvelles opportunit\u00e9s.<\/p>\n\n\n\n<h3 class=\"wp-block-heading has-medium-font-size\"><strong>Redonner du Sens<\/strong><\/h3>\n\n\n\n<p>Exploration du sens du travail et de vos valeurs pour d\u00e9cider d\u2019un nouveau tournant professionnel ou personnel.<\/p>\n\n\n\n<h3 class=\"wp-block-heading has-text-align-center has-large-font-size\"><strong>Modalit\u00e9s \/ Tarifs<\/strong><\/h3>\n\n\n\n<ul class=\"wp-block-list\">\n<li>Entretien individuel (1h30)<\/li>\n\n\n\n<li>Outil : Sens de la Vie \/ Sens du Travail<\/li>\n\n\n\n<li><strong>Tarif : 70 \u20ac<\/strong><\/li>\n<\/ul>\n\n\n\n<p>Distanciel ou Pr\u00e9sentiel<\/p>\n<\/div>\n\n\n\n<div class=\"wp-block-column has-background is-layout-flow wp-container-core-column-is-layout-af27bfb9 wp-block-column-is-layout-flow\" style=\"background-color:#e9e4dc;padding-top:30px;padding-right:20px;padding-bottom:30px;padding-left:20px\">\n<h6 class=\"wp-block-heading has-text-color has-link-color has-young-serif-regular-font-family has-medium-font-size wp-elements-c761cb188f106b93377097c46e679840\" style=\"color:#3a3a3a\">Accompagnement \u00e0 la Transition vers la Retraite<\/h6>\n\n\n\n<p><em>(Salari\u00e9s du secteur priv\u00e9)<\/em><\/p>\n\n\n\n<p>La transition vers la retraite est aussi une \u00e9tape cl\u00e9 de la mobilit\u00e9 de carri\u00e8re. Elle peut \u00eatre choisie, anticip\u00e9e et construite comme un nouveau projet de vie, en coh\u00e9rence avec votre parcours, votre sant\u00e9 et vos aspirations.<\/p>\n\n\n\n<p>Cet accompagnement vous permet de faire le point sur votre situation, d\u2019anticiper sereinement la fin de votre carri\u00e8re professionnelle et d\u2019envisager la retraite comme une continuit\u00e9, et non comme une rupture.<\/p>\n\n\n\n<h3 class=\"wp-block-heading has-medium-font-size\"><strong>Faire le point sur sa retraite<\/strong><\/h3>\n\n\n\n<p>Analyse de votre parcours professionnel et personnel afin d\u2019identifier les diff\u00e9rentes options possibles : \u00e2ge de d\u00e9part, dispositifs existants, cumul emploi-retraite, retraite progressive, r\u00e9version, &#8230;<\/p>\n\n\n\n<h3 class=\"wp-block-heading has-medium-font-size\"><strong>\u00c9tude des droits et des dispositifs<\/strong><\/h3>\n\n\n\n<p>Information et compr\u00e9hension de vos droits \u00e0 la retraite (r\u00e9gimes, trimestres, impacts des choix professionnels), en lien avec votre situation actuelle et vos projets.<\/p>\n\n\n\n<h3 class=\"wp-block-heading has-medium-font-size\"><strong>Accompagnement administratif<\/strong><\/h3>\n\n\n\n<p>Appui \u00e0 l\u2019\u00e9valuation de votre situation et \u00e0 la constitution des dossiers de retraite, selon vos besoins et vos demandes sp\u00e9cifiques.<\/p>\n\n\n\n<h3 class=\"wp-block-heading has-medium-font-size\"><strong>Donner du sens \u00e0 cette nouvelle \u00e9tape<\/strong><\/h3>\n\n\n\n<p>R\u00e9flexion autour du sens de cette transition : place du travail dans votre vie, nouveaux \u00e9quilibres, projets personnels, engagements \u00e0 venir.<\/p>\n\n\n\n<h3 class=\"wp-block-heading has-text-align-center has-large-font-size\"><strong>Modalit\u00e9s \/ Tarifs<\/strong><\/h3>\n\n\n\n<p>Entretien individuel (1h30)<\/p>\n\n\n\n<p>Outils : Sens de la Vie \/ Sens du Travail \u2013 Analyse de parcours<\/p>\n\n\n\n<p><strong>Tarif : 70 \u20ac<\/strong><\/p>\n\n\n\n<p>Distanciel ou Pr\u00e9sentiel<\/p>\n<\/div>\n<\/div>\n<\/div><\/div>\n","protected":false},"excerpt":{"rendered":"","protected":false},"author":1,"featured_media":0,"parent":0,"menu_order":0,"comment_status":"closed","ping_status":"closed","template":"","meta":{"footnotes":""},"class_list":["post-16","page","type-page","status-publish","hentry"],"_links":{"self":[{"href":"https:\/\/pbconseil-bilan.com\/index.php\/wp-json\/wp\/v2\/pages\/16","targetHints":{"allow":["GET"]}}],"collection":[{"href":"https:\/\/pbconseil-bilan.com\/index.php\/wp-json\/wp\/v2\/pages"}],"about":[{"href":"https:\/\/pbconseil-bilan.com\/index.php\/wp-json\/wp\/v2\/types\/page"}],"author":[{"embeddable":true,"href":"https:\/\/pbconseil-bilan.com\/index.php\/wp-json\/wp\/v2\/users\/1"}],"replies":[{"embeddable":true,"href":"https:\/\/pbconseil-bilan.com\/index.php\/wp-json\/wp\/v2\/comments?post=16"}],"version-history":[{"count":33,"href":"https:\/\/pbconseil-bilan.com\/index.php\/wp-json\/wp\/v2\/pages\/16\/revisions"}],"predecessor-version":[{"id":159,"href":"https:\/\/pbconseil-bilan.com\/index.php\/wp-json\/wp\/v2\/pages\/16\/revisions\/159"}],"wp:attachment":[{"href":"https:\/\/pbconseil-bilan.com\/index.php\/wp-json\/wp\/v2\/media?parent=16"}],"curies":[{"name":"wp","href":"https:\/\/api.w.org\/{rel}","templated":true}]}}