{"id":11,"date":"2025-11-22T12:28:46","date_gmt":"2025-11-22T12:28:46","guid":{"rendered":"http:\/\/pbconsg.cluster100.hosting.ovh.net\/?page_id=11"},"modified":"2026-03-29T18:51:46","modified_gmt":"2026-03-29T18:51:46","slug":"accueil","status":"publish","type":"page","link":"https:\/\/pbconseil-bilan.com\/","title":{"rendered":"Accueil"},"content":{"rendered":"\n<div class=\"wp-block-group has-background has-global-padding is-layout-constrained wp-container-core-group-is-layout-b4fb1e58 wp-block-group-is-layout-constrained\" style=\"background-color:#21202000;padding-top:70px;padding-right:20px;padding-bottom:100px;padding-left:20px\">\n<div class=\"wp-block-group is-layout-flex wp-container-core-group-is-layout-18bd056a wp-block-group-is-layout-flex\" style=\"border-style:none;border-width:0px;border-top-left-radius:0px;border-top-right-radius:0px;border-bottom-left-radius:0px;border-bottom-right-radius:0px;margin-top:0;margin-bottom:0;padding-top:0;padding-right:0;padding-bottom:0;padding-left:0\">\n<p class=\"has-text-align-left has-text-color has-background\" style=\"color:#3a3a3a;background-color:#ffffff;font-size:clamp(1.25rem, 1.25rem + ((1vw - 0.2rem) * 1.364), 2rem);\">Parce que chaque parcours est unique, <\/p>\n\n\n\n<p class=\"has-text-align-left has-text-color has-background\" style=\"color:#3a3a3a;background-color:#ffffff;font-size:clamp(1.25rem, 1.25rem + ((1vw - 0.2rem) * 1.364), 2rem);\">je vous accompagne avec bienveillance dans vos transitions !<\/p>\n<\/div>\n<\/div>\n\n\n\n<div class=\"wp-block-cover alignfull is-light\" style=\"border-style:none;border-width:0px;margin-top:0;margin-bottom:0;padding-top:1rem;padding-right:1rem;padding-bottom:5rem;padding-left:1em;min-height:500px;aspect-ratio:unset;\"><img loading=\"lazy\" decoding=\"async\" width=\"1024\" height=\"682\" class=\"wp-block-cover__image-background wp-image-64 size-large\" alt=\"\" src=\"http:\/\/pbconsg.cluster100.hosting.ovh.net\/wp-content\/uploads\/2025\/11\/Bureau-1024x682.jpg\" data-object-fit=\"cover\" srcset=\"https:\/\/pbconseil-bilan.com\/wp-content\/uploads\/2025\/11\/Bureau-1024x682.jpg 1024w, https:\/\/pbconseil-bilan.com\/wp-content\/uploads\/2025\/11\/Bureau-300x200.jpg 300w, https:\/\/pbconseil-bilan.com\/wp-content\/uploads\/2025\/11\/Bureau-768x512.jpg 768w, https:\/\/pbconseil-bilan.com\/wp-content\/uploads\/2025\/11\/Bureau.jpg 1280w\" sizes=\"auto, (max-width: 1024px) 100vw, 1024px\" \/><span aria-hidden=\"true\" class=\"wp-block-cover__background has-black-background-color has-background-dim-10 has-background-dim\"><\/span><div class=\"wp-block-cover__inner-container is-layout-flow wp-container-core-cover-is-layout-cf2a839a wp-block-cover-is-layout-flow\">\n<div class=\"wp-block-group has-global-padding is-layout-constrained wp-container-core-group-is-layout-4383d167 wp-block-group-is-layout-constrained\">\n<div class=\"wp-block-group has-inter-font-family is-vertical is-layout-flex wp-container-core-group-is-layout-e1a8779f wp-block-group-is-layout-flex\" style=\"min-height:33rem;margin-top:0px;margin-bottom:0px;padding-top:0rem;padding-right:0rem;padding-bottom:0rem;padding-left:0rem\">\n<div class=\"wp-block-group has-global-padding is-content-justification-center is-layout-constrained wp-container-core-group-is-layout-e282698d wp-block-group-is-layout-constrained\" style=\"margin-top:0px;margin-bottom:0px;padding-top:0px;padding-right:0px;padding-bottom:0px;padding-left:0px\">\n<h1 class=\"wp-block-heading has-text-color\" style=\"color:#ffffff;font-size:clamp(1.352em, 1.352rem + ((1vw - 0.2em) * 1.542), 2.2em);font-style:normal;font-weight:400\"><\/h1>\n\n\n\n<p><\/p>\n\n\n\n<p><\/p>\n\n\n\n<p><\/p>\n\n\n\n<p class=\"has-text-align-left has-text-color has-background\" style=\"color:#393939;background-color:#ffffffc7;font-size:clamp(1.198rem, 1.198rem + ((1vw - 0.2rem) * 1.276), 1.9rem);\"><em>\u00ab\u00a0Il vaut mieux suivre le bon chemin en boitant que le mauvais d&rsquo;un pas ferme\u00a0\u00bb.<\/em> <\/p>\n\n\n\n<p class=\"has-text-align-left has-text-color has-background\" style=\"color:#393939;background-color:#ffffffb3;font-size:clamp(1.198rem, 1.198rem + ((1vw - 0.2rem) * 1.276), 1.9rem);\">Saint Augustin<\/p>\n<\/div>\n<\/div>\n<\/div>\n<\/div><\/div>\n\n\n\n<div class=\"wp-block-group alignfull has-background has-global-padding is-layout-constrained wp-container-core-group-is-layout-967e81c5 wp-block-group-is-layout-constrained\" style=\"background-color:#e9e4dc;margin-top:0;margin-bottom:0;padding-top:7.01rem;padding-right:1.01rem;padding-bottom:7.01rem;padding-left:1.01rem\">\n<div class=\"wp-block-columns is-layout-flex wp-container-core-columns-is-layout-28f84493 wp-block-columns-is-layout-flex\">\n<div class=\"wp-block-column is-layout-flow wp-block-column-is-layout-flow\">\n<figure class=\"wp-block-image aligncenter size-full\"><img decoding=\"async\" src=\"https:\/\/tyler.com\/wp-content\/uploads\/2023\/11\/Pine-Home-2nd-Sec-Image.png\" alt=\"\" class=\"wp-image-2994\"\/><\/figure>\n<\/div>\n\n\n\n<div class=\"wp-block-column is-layout-flow wp-block-column-is-layout-flow\" style=\"padding-left:2.01rem\">\n<div class=\"wp-block-group is-vertical is-content-justification-left is-nowrap is-layout-flex wp-container-core-group-is-layout-252cad7a wp-block-group-is-layout-flex\" style=\"min-height:100%\">\n<h2 class=\"wp-block-heading has-text-align-left has-text-color\" style=\"color:#3a3a3a;font-size:clamp(1.383rem, 1.383rem + ((1vw - 0.2rem) * 1.595), 2.26rem);font-style:normal;font-weight:400\">Ensemble vers votre r\u00e9ussite professionnelle<\/h2>\n\n\n\n<p class=\"has-text-color\" style=\"color:#3a3a3a;font-size:clamp(0.875rem, 0.875rem + ((1vw - 0.2rem) * 0.464), 1.13rem);\"><\/p>\n\n\n\n<h4 class=\"wp-block-heading has-text-color\" style=\"color:#3a3a3a;margin-top:2.01rem;font-size:clamp(1.13rem, 1.13rem + ((1vw - 0.2rem) * 1.164), 1.77rem);font-style:normal;font-weight:400\"><\/h4>\n\n\n\n<p class=\"has-text-color\" style=\"color:#3a3a3a;font-size:clamp(0.875rem, 0.875rem + ((1vw - 0.2rem) * 0.464), 1.13rem);\">Je m&rsquo; engage \u00e0 vous offrir un soutien personnalis\u00e9 pour clarifier vos comp\u00e9tences, motivations et choix professionnels, afin de vous aider \u00e0 tracer le chemin vers un avenir \u00e9panouissant.<\/p>\n<\/div>\n<\/div>\n<\/div>\n<\/div>\n\n\n\n<div class=\"wp-block-group alignfull has-global-padding is-layout-constrained wp-container-core-group-is-layout-751f7cd3 wp-block-group-is-layout-constrained\" style=\"min-height:0px;margin-top:0px;margin-bottom:0px;padding-top:1rem;padding-right:1rem;padding-bottom:1rem;padding-left:1rem\">\n<div class=\"wp-block-columns has-text-color has-inter-font-family is-layout-flex wp-container-core-columns-is-layout-6679d184 wp-block-columns-is-layout-flex\" style=\"color:#141414;margin-top:0px;margin-bottom:0px;padding-top:4rem;padding-right:0px;padding-bottom:6rem;padding-left:0px\">\n<div class=\"wp-block-column is-layout-flow wp-container-core-column-is-layout-a306f76e wp-block-column-is-layout-flow\" style=\"padding-top:2rem;padding-right:1rem;padding-bottom:0rem;padding-left:0px;flex-basis:30%\">\n<h2 class=\"wp-block-heading has-text-color has-link-color wp-elements-4b3bcb100845f486307d74aa7fb2d2b3\" style=\"color:#3a3a3a;font-size:clamp(1.403rem, 1.403rem + ((1vw - 0.2rem) * 1.631), 2.3rem);\">Mes Services Sur Mesure pour Votre Avenir<\/h2>\n\n\n\n<p class=\"has-text-color has-link-color wp-elements-2b8bf0604e9977c0afa4977e9c752ab2\" style=\"color:#3a3a3a;font-size:clamp(0.875rem, 0.875rem + ((1vw - 0.2rem) * 0.245), 1.01rem);\">Je vous propose des services personnalis\u00e9s pour chaque \u00e9tape de votre parcours professionnel. Que vous soyez salari\u00e9, demandeur d&#8217;emploi ou \u00e9tudiant, je suis l\u00e0 pour vous guider et vous aider \u00e0 atteindre vos objectifs.<\/p>\n\n\n\n<div class=\"wp-block-buttons is-layout-flex wp-block-buttons-is-layout-flex\" style=\"margin-top:3rem;margin-bottom:0px\">\n<div class=\"wp-block-button\"><a class=\"wp-block-button__link has-text-color has-background has-custom-font-size wp-element-button\" href=\"http:\/\/pbconsg.cluster100.hosting.ovh.net\/index.php\/services\/\" style=\"border-style:none;border-width:0px;border-radius:0px;color:#fffffd;background-color:#000001;padding-top:0.8rem;padding-right:2.2rem;padding-bottom:0.8rem;padding-left:2.2rem;font-size:clamp(0.875rem, 0.875rem + ((1vw - 0.2rem) * 0.409), 1.1rem);\">D\u00e9couvrez mes services!<\/a><\/div>\n<\/div>\n<\/div>\n\n\n\n<div class=\"wp-block-column is-layout-flow wp-container-core-column-is-layout-c3e5b070 wp-block-column-is-layout-flow\" style=\"padding-top:2rem;padding-right:0px;padding-bottom:0rem;padding-left:0px;flex-basis:40%\">\n<figure class=\"wp-block-image aligncenter size-full\"><img decoding=\"async\" src=\"https:\/\/tyler.com\/wp-content\/uploads\/2023\/11\/Pine-Home-3rd-Sec-Image.jpeg\" alt=\"\" class=\"wp-image-2993\" style=\"object-fit:cover\"\/><\/figure>\n<\/div>\n\n\n\n<div class=\"wp-block-column is-layout-flow wp-block-column-is-layout-flow\" style=\"padding-top:2em;padding-right:0px;padding-bottom:0px;padding-left:1rem;flex-basis:30%\">\n<h5 class=\"wp-block-heading has-text-color\" style=\"color:#3a3a3a;font-size:clamp(0.875rem, 0.875rem + ((1vw - 0.2rem) * 0.409), 1.1rem);text-transform:none\"><strong>Mes Services<\/strong> <\/h5>\n\n\n\n<p class=\"has-text-color\" style=\"color:#3a3a3a;font-size:clamp(0.875rem, 0.875rem + ((1vw - 0.2rem) * 0.245), 1.01rem);\">Bilan de Comp\u00e9tences <a href=\"https:\/\/travail-emploi.gouv.fr\/le-bilan-de-competences\" data-type=\"link\" data-id=\"https:\/\/travail-emploi.gouv.fr\/le-bilan-de-competences\" target=\"_blank\" rel=\"noreferrer noopener\">https:\/\/travail-emploi.gouv.fr\/le-bilan-de-competences<\/a><\/p>\n\n\n\n<p style=\"font-size:clamp(0.875rem, 0.875rem + ((1vw - 0.2rem) * 0.245), 1.01rem);\">Quelles \u00e9volutions en 2026 pour l\u2019utilisation du CPF\u00a0?<a href=\"https:\/\/www.service-public.gouv.fr\/particuliers\/actualites\/A18831\">https:\/\/www.service-public.gouv.fr\/particuliers\/actualites\/A18831<\/a><\/p>\n\n\n\n<p class=\"has-text-color\" style=\"color:#3a3a3a;font-size:clamp(0.875rem, 0.875rem + ((1vw - 0.2rem) * 0.245), 1.01rem);\">Orientation scolaire et professionnelle jeunes 15 &#8211; 25 ans <a href=\"https:\/\/www.onisep.fr\/\" data-type=\"link\" data-id=\"https:\/\/www.onisep.fr\/\" target=\"_blank\" rel=\"noreferrer noopener\">https:\/\/www.onisep.fr\/<\/a><\/p>\n\n\n\n<p class=\"has-text-color\" style=\"color:#3a3a3a;font-size:clamp(0.875rem, 0.875rem + ((1vw - 0.2rem) * 0.245), 1.01rem);\">Accompagnement \u00e0 la validation des acquis de l&rsquo;exp\u00e9rience <a href=\"https:\/\/vae.gouv.fr\/\" data-type=\"link\" data-id=\"https:\/\/vae.gouv.fr\/\" target=\"_blank\" rel=\"noreferrer noopener\">https:\/\/vae.gouv.fr\/<\/a><\/p>\n\n\n\n<hr class=\"wp-block-separator has-text-color has-alpha-channel-opacity has-background is-style-wide\" style=\"margin-top:1rem;margin-bottom:1rem;background-color:#d0cbc2;color:#d0cbc2\"\/>\n\n\n\n<p class=\"has-text-color has-link-color wp-elements-708c01a83db7b210ea49042f11202438\" style=\"color:#3a3a3a;font-size:clamp(0.875rem, 0.875rem + ((1vw - 0.2rem) * 0.245), 1.01rem);\">Accompagnement \u00e0 la r\u00e9flexion transition professionnelle<\/p>\n\n\n\n<p class=\"has-text-color has-link-color wp-elements-387a0fa223e05b2ba4a153d4a409e8a4\" style=\"color:#3a3a3a;font-size:clamp(0.875rem, 0.875rem + ((1vw - 0.2rem) * 0.245), 1.01rem);\"><\/p>\n\n\n\n<p class=\"has-text-color has-link-color wp-elements-387a0fa223e05b2ba4a153d4a409e8a4\" style=\"color:#3a3a3a;font-size:clamp(0.875rem, 0.875rem + ((1vw - 0.2rem) * 0.245), 1.01rem);\"><\/p>\n<\/div>\n<\/div>\n<\/div>\n\n\n\n<div class=\"wp-block-cover alignfull\" style=\"margin-top:0px;margin-bottom:0px;padding-top:7.01rem;padding-bottom:7.01rem;aspect-ratio:unset;\"><img decoding=\"async\" class=\"wp-block-cover__image-background wp-image-174\" alt=\"\" src=\"https:\/\/tyler.com\/wp-content\/themes\/variations-child\/assets\/images\/consulting\/consulting-testimonial-banner.jpg\" style=\"object-position:51% 50%\" data-object-fit=\"cover\" data-object-position=\"51% 50%\"\/><span aria-hidden=\"true\" class=\"wp-block-cover__background has-contrast-background-color has-background-dim-0 has-background-dim\"><\/span><div class=\"wp-block-cover__inner-container has-global-padding is-layout-constrained wp-container-core-cover-is-layout-8014b4f1 wp-block-cover-is-layout-constrained\">\n<div class=\"wp-block-group has-global-padding is-layout-constrained wp-container-core-group-is-layout-41c06ba8 wp-block-group-is-layout-constrained\">\n<h4 class=\"wp-block-heading has-text-align-center has-text-color\" style=\"color:#ffffff;font-size:clamp(1.039rem, 1.039rem + ((1vw - 0.2rem) * 1.02), 1.6rem);font-style:normal;font-weight:400\"><em>\u00a0\u00bb Un accompagnement sur mesure qui a transform\u00e9 ma carri\u00e8re. Je me sens enfin \u00e9panouie ! \u00ab\u00a0<\/em><\/h4>\n\n\n\n<p class=\"has-text-align-center has-text-color\" style=\"color:#ffffff;font-size:clamp(0.875rem, 0.875rem + ((1vw - 0.2rem) * 0.245), 1.01rem);letter-spacing:0.3rem;text-transform:uppercase\">elodie GRABER<\/p>\n<\/div>\n<\/div><\/div>\n\n\n\n<div class=\"wp-block-group alignwide has-global-padding is-layout-constrained wp-container-core-group-is-layout-9eae1539 wp-block-group-is-layout-constrained\" style=\"margin-top:0;margin-bottom:0;padding-top:7.01rem;padding-bottom:7.01rem\">\n<div class=\"wp-block-group has-global-padding is-layout-constrained wp-container-core-group-is-layout-782236d7 wp-block-group-is-layout-constrained\">\n<p class=\"has-text-align-center has-medium-font-size\">Je vous propose un premier entretien gratuit pour comprendre votre parcours et vos attentes.<\/p>\n\n\n\n<p class=\"has-text-align-center has-text-color has-link-color wp-elements-30f2e3daa2a814c546256eeaf4bc8476\" style=\"color:#3a3a3a;font-size:clamp(14px, 0.875rem + ((1vw - 3.2px) * 0.682), 20px);\"><\/p>\n\n\n\n<div class=\"wp-block-buttons has-custom-font-size is-content-justification-center is-layout-flex wp-container-core-buttons-is-layout-38a0c48d wp-block-buttons-is-layout-flex\" style=\"margin-top:2.7rem;margin-bottom:0px;font-size:clamp(0.875rem, 0.875rem + ((1vw - 0.2rem) * 0.409), 1.1rem);\">\n<div class=\"wp-block-button is-style-fill hover_class_primary\"><a class=\"wp-block-button__link has-text-color has-background has-custom-font-size wp-element-button\" href=\"http:\/\/pbconsg.cluster100.hosting.ovh.net\/index.php\/contact\/\" style=\"border-style:none;border-width:0px;border-radius:0px;color:#ffffff;background-color:#141414;padding-top:0.8rem;padding-right:2.2em;padding-bottom:0.8rem;padding-left:2.2em;font-size:clamp(0.875rem, 0.875rem + ((1vw - 0.2rem) * 0.409), 1.1rem);text-transform:capitalize\">Contactez-moi!<\/a><\/div>\n<\/div>\n<\/div>\n<\/div>\n\n\n\n<div class=\"wp-block-cover alignfull is-light\" style=\"border-style:none;border-width:0px;margin-top:0;margin-bottom:0;padding-top:1rem;padding-right:1rem;padding-bottom:5rem;padding-left:1em;min-height:500px;aspect-ratio:unset;\"><img decoding=\"async\" class=\"wp-block-cover__image-background wp-image-2787\" alt=\"\" src=\"https:\/\/tyler.com\/wp-content\/uploads\/2023\/11\/pexels-fauxels-3184360-scaled.jpg\" style=\"object-position:50% 39%\" data-object-fit=\"cover\" data-object-position=\"50% 39%\"\/><span aria-hidden=\"true\" class=\"wp-block-cover__background has-black-background-color has-background-dim-10 has-background-dim\"><\/span><div class=\"wp-block-cover__inner-container is-layout-flow wp-container-core-cover-is-layout-cf2a839a wp-block-cover-is-layout-flow\">\n<p class=\"has-text-align-center has-background has-large-font-size\" style=\"background-color:#ffffff9e\">Ensemble, cr\u00e9ons les conditions propices \u00e0 votre r\u00e9ussite professionnelle<\/p>\n<\/div><\/div>\n","protected":false},"excerpt":{"rendered":"<p>Parce que chaque parcours est unique, je vous accompagne avec bienveillance dans vos transitions ! Ensemble vers votre r\u00e9ussite professionnelle Je m&rsquo; engage \u00e0 vous offrir un soutien personnalis\u00e9 pour clarifier vos comp\u00e9tences, motivations et choix professionnels, afin de vous aider \u00e0 tracer le chemin vers un avenir \u00e9panouissant. Mes Services Sur Mesure pour Votre [&hellip;]<\/p>\n","protected":false},"author":1,"featured_media":0,"parent":0,"menu_order":0,"comment_status":"closed","ping_status":"closed","template":"","meta":{"footnotes":""},"class_list":["post-11","page","type-page","status-publish","hentry"],"_links":{"self":[{"href":"https:\/\/pbconseil-bilan.com\/index.php\/wp-json\/wp\/v2\/pages\/11","targetHints":{"allow":["GET"]}}],"collection":[{"href":"https:\/\/pbconseil-bilan.com\/index.php\/wp-json\/wp\/v2\/pages"}],"about":[{"href":"https:\/\/pbconseil-bilan.com\/index.php\/wp-json\/wp\/v2\/types\/page"}],"author":[{"embeddable":true,"href":"https:\/\/pbconseil-bilan.com\/index.php\/wp-json\/wp\/v2\/users\/1"}],"replies":[{"embeddable":true,"href":"https:\/\/pbconseil-bilan.com\/index.php\/wp-json\/wp\/v2\/comments?post=11"}],"version-history":[{"count":28,"href":"https:\/\/pbconseil-bilan.com\/index.php\/wp-json\/wp\/v2\/pages\/11\/revisions"}],"predecessor-version":[{"id":167,"href":"https:\/\/pbconseil-bilan.com\/index.php\/wp-json\/wp\/v2\/pages\/11\/revisions\/167"}],"wp:attachment":[{"href":"https:\/\/pbconseil-bilan.com\/index.php\/wp-json\/wp\/v2\/media?parent=11"}],"curies":[{"name":"wp","href":"https:\/\/api.w.org\/{rel}","templated":true}]}}